{"id":9127,"date":"2020-04-26T16:25:39","date_gmt":"2020-04-26T16:25:39","guid":{"rendered":"https:\/\/saojoaonosso.pt\/sobre\/"},"modified":"2020-09-16T10:57:44","modified_gmt":"2020-09-16T10:57:44","slug":"about","status":"publish","type":"page","link":"https:\/\/saojoaonosso.pt\/en\/about\/","title":{"rendered":"About"},"content":{"rendered":"<p><div  class=\"fusion-fullwidth fullwidth-box fusion-parallax-none hundred-percent-fullwidth\"  style='background-color: rgba(255,255,255,0);background-image: url(\"https:\/\/saojoaonosso.pt\/wp-content\/uploads\/2019\/12\/BG_SJM_FUNDO.jpg\");background-position: center center;background-repeat: no-repeat;padding-top:0px;padding-right:0px;padding-bottom:00px;padding-left:0px;margin-bottom: 0px;margin-top: 0px;-webkit-background-size:cover;-moz-background-size:cover;-o-background-size:cover;background-size:cover;background-attachment:none;'><div class=\"fusion-builder-row fusion-row \"><div  class=\"fusion-layout-column fusion_builder_column fusion_builder_column_1_1  fusion-one-full fusion-column-first fusion-column-last fusion-blend-mode fusion-spacing-no col-header-slide 1_1\"  style='margin-top:0px;margin-bottom:0px;'>\n\t\t\t\t\t<div class=\"fusion-column-wrapper\" style=\"background-color:rgba(0,0,0,0.5);padding: 0px 0px 0px 0px;background-position:left top;background-repeat:no-repeat;-webkit-background-size:cover;-moz-background-size:cover;-o-background-size:cover;background-size:cover;\"  data-bg-url=\"\">\n\t\t\t\t\t\t\n\t\t\t<!-- START about REVOLUTION SLIDER 6.2.2 --><p class=\"rs-p-wp-fix\"><\/p>\n\t\t\t<rs-module-wrap id=\"rev_slider_64_1_wrapper\" data-source=\"gallery\" style=\"background:rgba(0,0,0,0);padding:0;margin:0px auto;margin-top:0;margin-bottom:0;\">\n\t\t\t\t<rs-module id=\"rev_slider_64_1\" style=\"display:none;\" data-version=\"6.2.2\">\n\t\t\t\t\t<rs-slides>\n\t\t\t\t\t\t<rs-slide data-key=\"rs-65\" data-title=\"Slide\" data-anim=\"ei:d;eo:d;s:1000;r:0;t:fade;sl:0;\">\n\t\t\t\t\t\t\t<img decoding=\"async\" src=\"\/\/saojoaonosso.pt\/wp-content\/plugins\/revslider\/public\/assets\/assets\/transparent.png\" title=\"About\" class=\"rev-slidebg\" data-no-retina>\n<!--\n\t\t\t\t\t\t\t--><rs-group\n\t\t\t\t\t\t\t\tid=\"slider-64-slide-65-layer-20\" \n\t\t\t\t\t\t\t\tdata-type=\"group\"\n\t\t\t\t\t\t\t\tdata-xy=\"x:c;yo:100px;\"\n\t\t\t\t\t\t\t\tdata-text=\"w:normal;s:20,16,12,7;l:0,20,15,9;\"\n\t\t\t\t\t\t\t\tdata-dim=\"w:800px,750px,90%,90%;h:800px;maxh:none,none,800px,none;minh:none,none,800px,none;\"\n\t\t\t\t\t\t\t\tdata-basealign=\"slide\"\n\t\t\t\t\t\t\t\tdata-rsp_o=\"off\"\n\t\t\t\t\t\t\t\tdata-rsp_bd=\"off\"\n\t\t\t\t\t\t\t\tdata-frame_0=\"o:1;\"\n\t\t\t\t\t\t\t\tdata-frame_999=\"o:0;st:w;sA:9000;\"\n\t\t\t\t\t\t\t\tstyle=\"z-index:11;background-color:rgba(0,0,0,0.5);\"\n\t\t\t\t\t\t\t><!--\n\t\t\t\t\t\t\t\t--><rs-layer\n\t\t\t\t\t\t\t\t\tid=\"slider-64-slide-65-layer-17\" \n\t\t\t\t\t\t\t\t\tdata-type=\"text\"\n\t\t\t\t\t\t\t\t\tdata-xy=\"x:c;yo:250px,250px,250px,200px;\"\n\t\t\t\t\t\t\t\t\tdata-text=\"w:normal;s:17,17,16,14;l:21,21,21,19;fw:500;a:center;\"\n\t\t\t\t\t\t\t\t\tdata-dim=\"w:100%;\"\n\t\t\t\t\t\t\t\t\tdata-basealign=\"slide\"\n\t\t\t\t\t\t\t\t\tdata-rsp_o=\"off\"\n\t\t\t\t\t\t\t\t\tdata-rsp_bd=\"off\"\n\t\t\t\t\t\t\t\t\tdata-padding=\"r:50,50,20,20;l:50,50,20,20;\"\n\t\t\t\t\t\t\t\t\tdata-frame_999=\"o:0;st:w;\"\n\t\t\t\t\t\t\t\t\tstyle=\"z-index:9;font-family:Montserrat;font-style:italic;\"\n\t\t\t\t\t\t\t\t>S\u00e3o Jo\u00e3o Nosso promotes local commerce in S\u00e3o Jo\u00e3o da Madeira through a network of digital presences distributed and aggregated around an interactive tile. This project, born out of a partnership between the Associa\u00e7\u00e3o Comercial de S\u00e3o Jo\u00e3o da Madeira and the Com\u00e9rcio Nosso platform, with the support of the City Council, is a pioneering project to leverage and digitize traditional commerce. \n\t\t\t\t\t\t\t\t<\/rs-layer><!--\n\n\t\t\t\t\t\t\t\t--><rs-layer\n\t\t\t\t\t\t\t\t\tid=\"slider-64-slide-65-layer-29\" \n\t\t\t\t\t\t\t\t\tdata-type=\"image\"\n\t\t\t\t\t\t\t\t\tdata-xy=\"x:c;yo:60px,60px,60px,50px;\"\n\t\t\t\t\t\t\t\t\tdata-text=\"w:normal;s:20,16,12,7;l:0,20,15,9;\"\n\t\t\t\t\t\t\t\t\tdata-dim=\"w:140px,140px,140px,100px;h:142px,142px,142px,102px;\"\n\t\t\t\t\t\t\t\t\tdata-basealign=\"slide\"\n\t\t\t\t\t\t\t\t\tdata-rsp_o=\"off\"\n\t\t\t\t\t\t\t\t\tdata-rsp_bd=\"off\"\n\t\t\t\t\t\t\t\t\tdata-frame_999=\"o:0;st:w;\"\n\t\t\t\t\t\t\t\t\tstyle=\"z-index:10;\"\n\t\t\t\t\t\t\t\t><img loading=\"lazy\" decoding=\"async\" src=\"\/\/saojoaonosso.pt\/wp-content\/uploads\/2020\/04\/SJN-logo.png\" width=\"800\" height=\"812\" data-no-retina> \n\t\t\t\t\t\t\t\t<\/rs-layer><!--\n\n\t\t\t\t\t\t\t\t--><a\n\t\t\t\t\t\t\t\t\tid=\"slider-64-slide-65-layer-31\" \n\t\t\t\t\t\t\t\t\tclass=\"rs-layer\"\n\t\t\t\t\t\t\t\t\thref=\"mailto:asscomercial.polosjm@gmail.com\" target=\"_self\" rel=\"noopener\"\n\t\t\t\t\t\t\t\t\tdata-type=\"button\"\n\t\t\t\t\t\t\t\t\tdata-xy=\"x:r;xo:50px,50px,20px,20px;yo:450px,450px,550px,600px;\"\n\t\t\t\t\t\t\t\t\tdata-text=\"w:normal;s:14,14,14,12;l:21,21,21,15;fw:300;\"\n\t\t\t\t\t\t\t\t\tdata-basealign=\"slide\"\n\t\t\t\t\t\t\t\t\tdata-rsp_o=\"off\"\n\t\t\t\t\t\t\t\t\tdata-rsp_bd=\"off\"\n\t\t\t\t\t\t\t\t\tdata-margin=\"b:2;\"\n\t\t\t\t\t\t\t\t\tdata-padding=\"r:20;\"\n\t\t\t\t\t\t\t\t\tdata-border=\"bos:solid;boc:#ffffff;bow:0,0,1px,0;\"\n\t\t\t\t\t\t\t\t\tdata-frame_999=\"o:0;st:w;\"\n\t\t\t\t\t\t\t\t\tstyle=\"z-index:8;font-family:Montserrat;cursor:pointer;\"\n\t\t\t\t\t\t\t\t>Join S\u00e3o Jo\u00e3o Nosso \u2192 \n\t\t\t\t\t\t\t\t<\/a><!--\n\t\t\t\t\t\t\t--><\/rs-group><!--\n\n\t\t\t\t\t\t\t--><a\n\t\t\t\t\t\t\t\tid=\"slider-64-slide-65-layer-25\" \n\t\t\t\t\t\t\t\tclass=\"rs-layer\"\n\t\t\t\t\t\t\t\thref=\"http:\/\/saojoaonosso.pt\" target=\"_self\" rel=\"noopener\"\n\t\t\t\t\t\t\t\tdata-type=\"button\"\n\t\t\t\t\t\t\t\tdata-xy=\"xo:30px;yo:30px;\"\n\t\t\t\t\t\t\t\tdata-text=\"w:normal;s:16;l:16;ls:0,0,0,1px;fw:800;\"\n\t\t\t\t\t\t\t\tdata-basealign=\"slide\"\n\t\t\t\t\t\t\t\tdata-rsp_o=\"off\"\n\t\t\t\t\t\t\t\tdata-rsp_bd=\"off\"\n\t\t\t\t\t\t\t\tdata-padding=\"r:20;\"\n\t\t\t\t\t\t\t\tdata-border=\"boc:#ffffff;bow:0,0,1px,0;\"\n\t\t\t\t\t\t\t\tdata-frame_999=\"o:0;st:w;\"\n\t\t\t\t\t\t\t\tstyle=\"z-index:12;font-family:Montserrat;cursor:pointer;\"\n\t\t\t\t\t\t\t><i class=\"fa-arrow-left\"><\/i> Back \n\t\t\t\t\t\t\t<\/a><!--\n-->\t\t\t\t\t\t<\/rs-slide>\n\t\t\t\t\t<\/rs-slides>\n\t\t\t\t\t<rs-static-layers><!--\n\t\t\t\t\t--><\/rs-static-layers>\n\t\t\t\t\t<rs-progress class=\"rs-bottom\" style=\"visibility: hidden !important;\"><\/rs-progress>\n\t\t\t\t<\/rs-module>\n\t\t\t\t<script type=\"text\/javascript\">\n\t\t\t\t\tsetREVStartSize({c: 'rev_slider_64_1',rl:[1240,1024,778,480],el:[800,700,800,800],gw:[1240,1024,778,480],gh:[800,800,800,800],type:'standard',justify:'',layout:'fullwidth',mh:\"0\"});\n\t\t\t\t\tvar\trevapi64,\n\t\t\t\t\t\ttpj;\n\t\t\t\t\tjQuery(function() {\n\t\t\t\t\t\ttpj = jQuery;\n\t\t\t\t\t\tif(tpj(\"#rev_slider_64_1\").revolution == undefined){\n\t\t\t\t\t\t\trevslider_showDoubleJqueryError(\"#rev_slider_64_1\");\n\t\t\t\t\t\t}else{\n\t\t\t\t\t\t\trevapi64 = tpj(\"#rev_slider_64_1\").show().revolution({\n\t\t\t\t\t\t\t\tjsFileLocation:\"\/\/saojoaonosso.pt\/wp-content\/plugins\/revslider\/public\/assets\/js\/\",\n\t\t\t\t\t\t\t\tsliderLayout:\"fullwidth\",\n\t\t\t\t\t\t\t\tvisibilityLevels:\"1240,1024,778,480\",\n\t\t\t\t\t\t\t\tgridwidth:\"1240,1024,778,480\",\n\t\t\t\t\t\t\t\tgridheight:\"800,800,800,800\",\n\t\t\t\t\t\t\t\tmaxHeight:\"800px\",\n\t\t\t\t\t\t\t\tkeepBPHeight:true,\n\t\t\t\t\t\t\t\teditorheight:\"800,700,800,800\",\n\t\t\t\t\t\t\t\tresponsiveLevels:\"1240,1024,778,480\",\n\t\t\t\t\t\t\t\tdisableProgressBar:\"on\",\n\t\t\t\t\t\t\t\tnavigation: {\n\t\t\t\t\t\t\t\t\tonHoverStop:false\n\t\t\t\t\t\t\t\t},\n\t\t\t\t\t\t\t\tfallbacks: {\n\t\t\t\t\t\t\t\t\tallowHTML5AutoPlayOnAndroid:true\n\t\t\t\t\t\t\t\t},\n\t\t\t\t\t\t\t});\n\t\t\t\t\t\t}\n\t\t\t\t\t\t\n\t\t\t\t\t});\n\t\t\t\t<\/script>\n\t\t\t<\/rs-module-wrap>\n\t\t\t<!-- END REVOLUTION SLIDER -->\n<div class=\"fusion-clearfix\"><\/div>\n\n\t\t\t\t\t<\/div>\n\t\t\t\t<\/div><\/div><\/div><div  class=\"fusion-fullwidth fullwidth-box nonhundred-percent-fullwidth\"  style='background-color: rgba(255,255,255,0);background-position: center center;background-repeat: no-repeat;padding-top:0px;padding-right:0px;padding-bottom:0px;padding-left:0px;margin-bottom: 100px;margin-top: 130px;'><div class=\"fusion-builder-row fusion-row \"><div  class=\"fusion-layout-column fusion_builder_column fusion_builder_column_1_1  fusion-one-full fusion-column-first fusion-column-last sobre 1_1\"  style='margin-top:0px;margin-bottom:0px;'>\n\t\t\t\t\t<div class=\"fusion-column-wrapper\" style=\"background-position:left top;background-repeat:no-repeat;-webkit-background-size:cover;-moz-background-size:cover;-o-background-size:cover;background-size:cover;\"  data-bg-url=\"\">\n\t\t\t\t\t\t<div class = \"story\">\n<p><b> The Values \u200b\u200b<\/b><\/p>\n<p>The S\u00e3o Jo\u00e3o Nosso | Com\u00e9rcio Nosso is aimed at boosting local commerce, seeking to reverse consumption trends and contribute to the preservation of the collective and cultural memory of places, the sustainability of local businesses and the socioeconomic dynamism of S\u00e3o Jo\u00e3o da Madeira.<\/p>\n<p><b> Who is it for? <\/b><\/p>\n<p>We provide a city experience based on an innovative marketing tool that generates a direct relationship from the street to the world, suitable for restaurants and cafes, clothing stores and haberdashery, hairdressers and jewelers, in short, all the local local trade, exclusively for brands created in Portugal.<\/p>\n<p><b> What is it? <\/b><\/p>\n<p>The smart tile combines familiarity of the traditional sign with the potential of mobile devices. An interactive signage shaped into an iconic object of Portuguese culture with augmented reality technology that directs you to a page, dedicated and exclusive to the business, with all the useful information, image gallery, social tools and the history of the house in Portuguese and English.<\/p>\n<p>In this way, traders access the digital world and those who already have a presence in it can reinforce it through multichannels.<\/p>\n<p>In short, each trader benefits from:<\/p>\n<ul>\n<li> <span style = \"font-weight: 400;\"> An exclusive page with contacts, history, photo gallery, location and online store <\/span> <\/li>\n<li> <span style = \"font-weight: 400;\"> Smart tile alluding to the brand <\/span> <\/li>\n<li> dissemination on S\u00e3o Jo\u00e3o Nosso social networks | Com\u00e9rcio Nosso (Facebook and instagram) <\/li>\n<li> Brand awareness through partnerships with newspapers, magazines and radio <\/li>\n<li> Presence in the application of augmented reality <\/li>\n<\/ul>\n<p>A simple and fun way to access the contents of the proximity stores that prepare us for what is already starting\u2026 make our city SMART, make the experience in S\u00e3o Jo\u00e3o da Madeira unforgettable and functional. Just touch the phone and you&#8217;re done.<\/p>\n<\/div>\n<div class=\"fusion-clearfix\"><\/div>\n\n\t\t\t\t\t<\/div>\n\t\t\t\t<\/div><\/div><\/div><\/p>\n","protected":false},"excerpt":{"rendered":"","protected":false},"author":6,"featured_media":0,"parent":0,"menu_order":2,"comment_status":"closed","ping_status":"closed","template":"100-width.php","meta":{"yasr_overall_rating":0,"yasr_post_is_review":"","yasr_auto_insert_disabled":"","yasr_review_type":"","footnotes":""},"yasr_visitor_votes":{"number_of_votes":0,"sum_votes":0,"stars_attributes":{"read_only":false,"span_bottom":false}},"_links":{"self":[{"href":"https:\/\/saojoaonosso.pt\/en\/wp-json\/wp\/v2\/pages\/9127"}],"collection":[{"href":"https:\/\/saojoaonosso.pt\/en\/wp-json\/wp\/v2\/pages"}],"about":[{"href":"https:\/\/saojoaonosso.pt\/en\/wp-json\/wp\/v2\/types\/page"}],"author":[{"embeddable":true,"href":"https:\/\/saojoaonosso.pt\/en\/wp-json\/wp\/v2\/users\/6"}],"replies":[{"embeddable":true,"href":"https:\/\/saojoaonosso.pt\/en\/wp-json\/wp\/v2\/comments?post=9127"}],"version-history":[{"count":5,"href":"https:\/\/saojoaonosso.pt\/en\/wp-json\/wp\/v2\/pages\/9127\/revisions"}],"predecessor-version":[{"id":9132,"href":"https:\/\/saojoaonosso.pt\/en\/wp-json\/wp\/v2\/pages\/9127\/revisions\/9132"}],"wp:attachment":[{"href":"https:\/\/saojoaonosso.pt\/en\/wp-json\/wp\/v2\/media?parent=9127"}],"curies":[{"name":"wp","href":"https:\/\/api.w.org\/{rel}","templated":true}]}}